{"id":35,"date":"2020-06-08T18:43:40","date_gmt":"2020-06-08T16:43:40","guid":{"rendered":"https:\/\/lestoutpret.cibus.fr\/?post_type=product&#038;p=35"},"modified":"2020-10-28T19:01:24","modified_gmt":"2020-10-28T18:01:24","slug":"panier-legumes-1-a-2-mangeur","status":"publish","type":"product","link":"https:\/\/lestoutpret.cibus.fr\/?product=panier-legumes-1-a-2-mangeur","title":{"rendered":"Panier L\u00e9gumes 1 \u00e0 2 mangeurs"},"content":{"rendered":"<h2>Le panier est compos\u00e9 des l\u00e9gumes suivants :<\/h2>\n<ul>\n<li>3 KG de Pomme de terre type VAPEUR<\/li>\n<li>1 Salade verte Batavia, Feuille de ch\u00eane verte, ou laitue (selon la production dans le champ \ud83d\ude42 )<\/li>\n<li>3 Pi\u00e8ces de courgette (environ 500 Gr)<\/li>\n<li>1 Pi\u00e8ce de concombre (environ 350 Gr)<\/li>\n<li>1 lot de mini poivron (multi-couleur)<\/li>\n<\/ul>\n<p>&nbsp;<\/p>\n","protected":false},"excerpt":{"rendered":"<p>Le panier est compos\u00e9 des l\u00e9gumes suivants : 3 KG de Pomme de terre type VAPEUR 1 Salade verte Batavia, &hellip; <\/p>\n","protected":false},"featured_media":109,"template":"","meta":[],"class_list":{"0":"post-35","1":"product","2":"type-product","3":"status-publish","4":"has-post-thumbnail","6":"product_cat-les-paniers","8":"first","9":"instock","10":"shipping-taxable","11":"purchasable","12":"product-type-simple"},"_links":{"self":[{"href":"https:\/\/lestoutpret.cibus.fr\/index.php?rest_route=\/wp\/v2\/product\/35","targetHints":{"allow":["GET"]}}],"collection":[{"href":"https:\/\/lestoutpret.cibus.fr\/index.php?rest_route=\/wp\/v2\/product"}],"about":[{"href":"https:\/\/lestoutpret.cibus.fr\/index.php?rest_route=\/wp\/v2\/types\/product"}],"wp:featuredmedia":[{"embeddable":true,"href":"https:\/\/lestoutpret.cibus.fr\/index.php?rest_route=\/wp\/v2\/media\/109"}],"wp:attachment":[{"href":"https:\/\/lestoutpret.cibus.fr\/index.php?rest_route=%2Fwp%2Fv2%2Fmedia&parent=35"}],"curies":[{"name":"wp","href":"https:\/\/api.w.org\/{rel}","templated":true}]}}